{"id":6,"date":"2025-04-22T18:28:45","date_gmt":"2025-04-22T18:28:45","guid":{"rendered":"https:\/\/www.mc-roedovre.dk\/?page_id=6"},"modified":"2025-04-22T18:28:45","modified_gmt":"2025-04-22T18:28:45","slug":"mc-roedovre","status":"publish","type":"page","link":"https:\/\/www.mc-roedovre.dk\/","title":{"rendered":"MC R\u00f8dovre"},"content":{"rendered":"\n<figure class=\"wp-block-image size-full\"><img loading=\"lazy\" decoding=\"async\" width=\"1000\" height=\"1001\" src=\"https:\/\/www.mc-roedovre.dk\/wp-content\/uploads\/2025\/04\/0e93739364-Tyren.jpg\" alt=\"\" class=\"wp-image-8\" srcset=\"https:\/\/www.mc-roedovre.dk\/wp-content\/uploads\/2025\/04\/0e93739364-Tyren.jpg 1000w, https:\/\/www.mc-roedovre.dk\/wp-content\/uploads\/2025\/04\/0e93739364-Tyren-300x300.jpg 300w, https:\/\/www.mc-roedovre.dk\/wp-content\/uploads\/2025\/04\/0e93739364-Tyren-150x150.jpg 150w, https:\/\/www.mc-roedovre.dk\/wp-content\/uploads\/2025\/04\/0e93739364-Tyren-768x769.jpg 768w\" sizes=\"auto, (max-width: 1000px) 100vw, 1000px\" \/><\/figure>\n\n\n\n<p>Vi kan findes p\u00e5&nbsp;Lisbjergvej&nbsp;16 i R\u00f8dovre. Vi holder klubaften om onsdagen<\/p>\n\n\n\n<p>Formanden kan kontaktes p\u00e5&nbsp;<a href=\"mailto:Formanden@mc-roedovre.dk\">Formanden@mc-roedovre.dk<\/a><\/p>\n\n\n\n<p><a href=\"https:\/\/www.facebook.com\/groups\/65299307784\/\" target=\"_blank\" rel=\"noreferrer noopener\">F\u00f8lg os p\u00e5 facebook: https:\/\/www.facebook.com\/groups\/65299307784\/<\/a><\/p>\n\n\n\n<p><\/p>\n","protected":false},"excerpt":{"rendered":"<p>Vi kan findes p\u00e5&nbsp;Lisbjergvej&nbsp;16 i R\u00f8dovre. Vi holder klubaften om onsdagen Formanden kan kontaktes p\u00e5&nbsp;Formanden@mc-roedovre.dk F\u00f8lg os p\u00e5 facebook: https:\/\/www.facebook.com\/groups\/65299307784\/<\/p>\n","protected":false},"author":1,"featured_media":0,"parent":0,"menu_order":0,"comment_status":"closed","ping_status":"closed","template":"","meta":{"footnotes":""},"class_list":["post-6","page","type-page","status-publish","hentry"],"_links":{"self":[{"href":"https:\/\/www.mc-roedovre.dk\/index.php\/wp-json\/wp\/v2\/pages\/6","targetHints":{"allow":["GET"]}}],"collection":[{"href":"https:\/\/www.mc-roedovre.dk\/index.php\/wp-json\/wp\/v2\/pages"}],"about":[{"href":"https:\/\/www.mc-roedovre.dk\/index.php\/wp-json\/wp\/v2\/types\/page"}],"author":[{"embeddable":true,"href":"https:\/\/www.mc-roedovre.dk\/index.php\/wp-json\/wp\/v2\/users\/1"}],"replies":[{"embeddable":true,"href":"https:\/\/www.mc-roedovre.dk\/index.php\/wp-json\/wp\/v2\/comments?post=6"}],"version-history":[{"count":1,"href":"https:\/\/www.mc-roedovre.dk\/index.php\/wp-json\/wp\/v2\/pages\/6\/revisions"}],"predecessor-version":[{"id":9,"href":"https:\/\/www.mc-roedovre.dk\/index.php\/wp-json\/wp\/v2\/pages\/6\/revisions\/9"}],"wp:attachment":[{"href":"https:\/\/www.mc-roedovre.dk\/index.php\/wp-json\/wp\/v2\/media?parent=6"}],"curies":[{"name":"wp","href":"https:\/\/api.w.org\/{rel}","templated":true}]}}